{"id":101,"date":"2024-10-18T14:40:31","date_gmt":"2024-10-18T14:40:31","guid":{"rendered":"https:\/\/getxoexpress.com\/?page_id=101"},"modified":"2024-11-07T14:04:08","modified_gmt":"2024-11-07T14:04:08","slug":"umorea-lab-getxon","status":"publish","type":"page","link":"https:\/\/getxoexpress.com\/eu\/umorea-lab-getxon\/","title":{"rendered":"UMOREA LAB GETXON - BASES CORTOMETRAJES"},"content":{"rendered":"<p><\/p>\n\n\n\n<p><\/p>\n\n\n\n<p><\/p>\n\n\n\n<p><\/p>\n\n\n\n<p><\/p>\n\n\n\n<p class=\"has-text-align-left\"><strong>BASES DE PARTICIPACI\u00d3N PARA PROYECTOS DE CORTOMETRAJE<\/strong><\/p>\n\n\n\n<p>UMOREA LAB GETXON es un laboratorio y foro de cortometrajes organizado por la Asociaci\u00f3n Lanbarri y la Asociaci\u00f3n Klip dentro del marco del Festival de Cortometrajes Humor en&nbsp; Corto de Arrigorriaga. El laboratorio es posible gracias al apoyo econ\u00f3mico del&nbsp; Ayuntamiento de Getxo.&nbsp;<\/p>\n\n\n\n<p>El prop\u00f3sito del laboratorio es identificar proyectos de cortometrajes de humor en un estado de preproducci\u00f3n avanzado, con un equipo consolidado, y en b\u00fasqueda de mayor desarrollo y financiaci\u00f3n. Se valorar\u00e1 muy positivamente enviar un calendario de producci\u00f3n, incluyendo fechas de subvenciones, fechas posibles de rodaje y fechas de finalizaci\u00f3n del cortometraje.&nbsp;<\/p>\n\n\n\n<p>Los cortometrajes seleccionados tendr\u00e1n que realizar una presentaci\u00f3n p\u00fablica del proyecto (pitching), delante de un jurado y empresas productoras (potenciales coproductores) invitadas a participar. El foro tendr\u00e1 lugar en Getxo, los d\u00edas 21 y 22 de noviembre, es obligatoria la asistencia presencial.&nbsp;<\/p>\n\n\n\n<p>Los proyectos que quieran participar en el foro, tendr\u00e1n que cumplir las siguientes condiciones:&nbsp;<\/p>\n\n\n\n<p>1 - Se admitir\u00e1n cortometrajes presentados por un equipo formado por guionista, director\/a y productor\/a.&nbsp;<\/p>\n\n\n\n<p>2 - \u00danicamente se admitir\u00e1n cortometrajes con tem\u00e1tica de humor.&nbsp;<\/p>\n\n\n\n<p>3 - Se admitir\u00e1n cortometrajes en cualquier lengua oficial Espa\u00f1ola.&nbsp;<\/p>\n\n\n\n<p>La documentaci\u00f3n a presentar ser\u00e1 la siguiente:&nbsp;<\/p>\n\n\n\n<p>1 - Formulario de inscripci\u00f3n: <a href=\"https:\/\/forms.gle\/YXTHMZrNjAf4Bsuz5\">https:\/\/forms.gle\/YXTHMZrNjAf4Bsuz5<\/a>&nbsp;<\/p>\n\n\n\n<p>2 - Gui\u00f3n.&nbsp;<\/p>\n\n\n\n<p>3 - Memoria de direcci\u00f3n, m\u00e1ximo 2 p\u00e1ginas.&nbsp;&nbsp;<\/p>\n\n\n\n<p>4 - Memoria de producci\u00f3n, m\u00e1ximo 2 p\u00e1ginas.&nbsp;<\/p>\n\n\n\n<p>5 - Presupuesto desglosado.&nbsp;<\/p>\n\n\n\n<p>Los documentos tendr\u00e1n que presentarse en castellano o en euskera.<\/p>\n\n\n\n<p>El plazo m\u00e1ximo para la inscripci\u00f3n es el 11 de noviembre de 2024.\u00a0<\/p>\n\n\n\n<p>Un comit\u00e9 de profesionales seleccionados por la organizaci\u00f3n escoger\u00e1 hasta 5 proyectos. Se reservar\u00e1n plazas para proyectos realizados en euskera y proyectos en los que la mayor\u00eda de participantes sean mujeres. Se podr\u00e1n inscribir uno o m\u00e1s proyectos por persona, pero solo podr\u00e1 ser seleccionado uno.&nbsp;<\/p>\n\n\n\n<p>La puntuaci\u00f3n de cada proyecto se obtendr\u00e1 en base a los siguientes criterios:&nbsp;<\/p>\n\n\n\n<ul class=\"wp-block-list\">\n<li>Pertenecer al g\u00e9nero de humor.<\/li>\n\n\n\n<li>Originalidad y calidad del gui\u00f3n.<\/li>\n\n\n\n<li>Valor art\u00edstico del proyecto.&nbsp;<\/li>\n\n\n\n<li>Potencial real de producci\u00f3n del cortometraje.&nbsp;<\/li>\n<\/ul>\n\n\n\n<p>Una vez escogidos los proyectos, se comunicar\u00e1 a todos los seleccionados su participaci\u00f3n en el foro. Se cubrir\u00e1n los gastos de viaje de cualquier punto de Espa\u00f1a y alojamiento de una persona del equipo.&nbsp;<\/p>\n\n\n\n<p>Los proyectos participantes optar\u00e1n a los siguientes premios:&nbsp;<\/p>\n\n\n\n<ul class=\"wp-block-list\">\n<li>Premio Umorea Lab Getxo: 1000 \u20ac**&nbsp;<\/li>\n\n\n\n<li>Premio Toboggan: valorado en 4000\u20ac en material cinematogr\u00e1fico e instalaciones de la productora.<\/li>\n\n\n\n<li>Premio Music Library &amp; SFX:&nbsp; utilizaci\u00f3n de las librer\u00edas y asesoramiento de la compa\u00f1\u00eda.&nbsp;<\/li>\n\n\n\n<li>Premio YAQ Distribuci\u00f3n: 6 meses de distribuci\u00f3n gratuitos, no incluye fees.&nbsp;<\/li>\n<\/ul>\n\n\n\n<p>**En caso de ser premiados, el premio se transferir\u00e1 o ingresar\u00e1 en el n\u00famero de cuenta de la persona responsable del proyecto, siendo esta la titular de la misma. Ser\u00e1 responsabilidad de las personas ganadoras asumir las cantidades que por imperativo legal fiscal, en su caso, debieran ingresarse o retenerse por este concepto.<\/p>\n\n\n\n<p>Los proyectos ganadores ser\u00e1n escogidos por el jurado elegido por la organizaci\u00f3n, que estar\u00e1 compuesto por profesionales de diferentes \u00e1reas del audiovisual.&nbsp;<\/p>\n\n\n\n<p>Todos los cortometrajes galardonados se comprometen a incluir el logotipo de Umorea Lab en los cr\u00e9ditos iniciales de la copia final de su cortometraje.&nbsp;<\/p>\n\n\n\n<p>La participaci\u00f3n en Umorea Lab Getxon supone la aceptaci\u00f3n de las bases. La organizaci\u00f3n se compromete a decidir sobre aquellos aspectos organizativos no recogidos expresamente en las bases.&nbsp;<\/p>\n\n\n\n<p>M\u00e1s informaci\u00f3n: <a href=\"mailto:umorealabgetxon@gmail.com\">umorealab@gmail.com<\/a>&nbsp;<\/p>","protected":false},"excerpt":{"rendered":"<p>BASES DE PARTICIPACI\u00d3N PARA PROYECTOS DE CORTOMETRAJE UMOREA LAB GETXON es un laboratorio y foro de cortometrajes organizado por la Asociaci\u00f3n Lanbarri y la Asociaci\u00f3n Klip dentro del marco del Festival de Cortometrajes Humor en&nbsp; Corto de Arrigorriaga. El laboratorio es posible gracias al apoyo econ\u00f3mico del&nbsp; Ayuntamiento de Getxo.&nbsp; El prop\u00f3sito del laboratorio es ... <a title=\"UMOREA LAB GETXON - BASES CORTOMETRAJES\" class=\"read-more\" href=\"https:\/\/getxoexpress.com\/eu\/umorea-lab-getxon\/\" aria-label=\"More on UMOREA LAB GETXON - BASES CORTOMETRAJES\">Leer m\u00e1s<\/a><\/p>","protected":false},"author":1,"featured_media":0,"parent":0,"menu_order":0,"comment_status":"closed","ping_status":"closed","template":"","meta":{"inline_featured_image":false,"footnotes":""},"class_list":["post-101","page","type-page","status-publish","hentry"],"_links":{"self":[{"href":"https:\/\/getxoexpress.com\/eu\/wp-json\/wp\/v2\/pages\/101"}],"collection":[{"href":"https:\/\/getxoexpress.com\/eu\/wp-json\/wp\/v2\/pages"}],"about":[{"href":"https:\/\/getxoexpress.com\/eu\/wp-json\/wp\/v2\/types\/page"}],"author":[{"embeddable":true,"href":"https:\/\/getxoexpress.com\/eu\/wp-json\/wp\/v2\/users\/1"}],"replies":[{"embeddable":true,"href":"https:\/\/getxoexpress.com\/eu\/wp-json\/wp\/v2\/comments?post=101"}],"version-history":[{"count":5,"href":"https:\/\/getxoexpress.com\/eu\/wp-json\/wp\/v2\/pages\/101\/revisions"}],"predecessor-version":[{"id":134,"href":"https:\/\/getxoexpress.com\/eu\/wp-json\/wp\/v2\/pages\/101\/revisions\/134"}],"wp:attachment":[{"href":"https:\/\/getxoexpress.com\/eu\/wp-json\/wp\/v2\/media?parent=101"}],"curies":[{"name":"wp","href":"https:\/\/api.w.org\/{rel}","templated":true}]}}